{"id":1726,"date":"2024-07-06T10:23:04","date_gmt":"2024-07-06T08:23:04","guid":{"rendered":"https:\/\/demestrilefeuvre.website\/?page_id=1726"},"modified":"2026-04-25T18:27:51","modified_gmt":"2026-04-25T16:27:51","slug":"contact","status":"publish","type":"page","link":"https:\/\/demestrilefeuvre.com\/en\/contact\/","title":{"rendered":"Contact"},"content":{"rendered":"\t\t<div data-elementor-type=\"wp-page\" data-elementor-id=\"1726\" class=\"elementor elementor-1726 elementor-61\" data-elementor-post-type=\"page\">\n\t\t\t\t<div class=\"has_eae_slider has_ae_slider elementor-element elementor-element-d587cf5 e-con-full e-flex ae-bg-gallery-type-default e-con e-parent\" data-eae-slider=\"11719\" data-id=\"d587cf5\" data-element_type=\"container\" data-e-type=\"container\">\n\t\t<div class=\"has_eae_slider has_ae_slider elementor-element elementor-element-87fbb61 e-con-full no-indent e-flex ae-bg-gallery-type-default e-con e-child\" data-eae-slider=\"9132\" data-id=\"87fbb61\" data-element_type=\"container\" data-e-type=\"container\">\n\t\t\t\t<div class=\"elementor-element elementor-element-1020af3 elementor-widget elementor-widget-text-editor\" data-id=\"1020af3\" data-element_type=\"widget\" data-e-type=\"widget\" data-widget_type=\"text-editor.default\">\n\t\t\t\t<div class=\"elementor-widget-container\">\n\t\t\t\t\t\t\t\t\t<p>artistic direction<br><a href=\"mailto:info@demestrilefeuvre.com\">florencia demestri + samuel lefeuvre<\/a><\/p><p>administration – production<br><a href=\"mailto:administration@demestrilefeuvre.com\">camille collard<\/a><\/p><p>production – distribution<br><a href=\"mailto:diffusion@demestrilefeuvre.com\">charlotte grace wacker<\/a><\/p><p>technical direction<br><a href=\"mailto:francoisbodeux@yahoo.com\">fran\u00e7ois bodeux<\/a><\/p>\t\t\t\t\t\t\t\t<\/div>\n\t\t\t\t<\/div>\n\t\t\t\t<\/div>\n\t\t<div class=\"has_eae_slider has_ae_slider elementor-element elementor-element-8f73edc e-con-full e-flex ae-bg-gallery-type-default e-con e-child\" data-eae-slider=\"85815\" data-id=\"8f73edc\" data-element_type=\"container\" data-e-type=\"container\">\n\t\t\t\t<div class=\"elementor-element elementor-element-a6610d6 elementor-widget elementor-widget-text-editor\" data-id=\"a6610d6\" data-element_type=\"widget\" data-e-type=\"widget\" data-widget_type=\"text-editor.default\">\n\t\t\t\t<div class=\"elementor-widget-container\">\n\t\t\t\t\t\t\t\t\t<p><a href=\"https:\/\/charleroi-danse.be\/fr\" target=\"_blank\" rel=\"noopener noreferrer nofollow\">Charleroi danse, Choreographic Center of F\u00e9d\u00e9ration Wallonie Bruxelles<\/a>, is committed to producing, presenting and accompanying the works of Florencia Demestri + Samuel Lefeuvre for three years, from 2023 to 2026.<\/p><p>In the 2024\/25 season, the company is part of the residency programme of the <a href=\"http:\/\/grand-luxe.org\/\" target=\"_blank\" rel=\"noopener noreferrer nofollow\">GRAND LUXE network<\/a> with special support from GRAND STUDIO.<\/p><p>demestri+lefeuvre is supported by F\u00e9d\u00e9ration Wallonie Bruxelles \u2013 Service Danse and GRAND STUDIO.<\/p>\t\t\t\t\t\t\t\t<\/div>\n\t\t\t\t<\/div>\n\t\t\t\t<div class=\"elementor-element elementor-element-9c70015 elementor-widget elementor-widget-image\" data-id=\"9c70015\" data-element_type=\"widget\" data-e-type=\"widget\" data-widget_type=\"image.default\">\n\t\t\t\t<div class=\"elementor-widget-container\">\n\t\t\t\t\t\t\t\t\t\t\t\t\t\t\t\t<a href=\"https:\/\/www.wbi.be\" target=\"_blank\" rel=\"noopener noreferrer nofollow\">\n\t\t\t\t\t\t\t<img decoding=\"async\" width=\"1\" height=\"1\" src=\"https:\/\/demestrilefeuvre.com\/wp-content\/uploads\/2024\/09\/logo_wbi_noir_vectoriel.svg\" class=\" attachment-thumbnail size-thumbnail wp-image-1924\" alt=\"\" \/>\t\t\t\t\t\t\t\t<\/a>\n\t\t\t\t\t\t\t\t\t\t\t\t\t\t\t<\/div>\n\t\t\t\t<\/div>\n\t\t\t\t<\/div>\n\t\t<div class=\"has_eae_slider has_ae_slider elementor-element elementor-element-a886712 e-con-full no-indent e-flex ae-bg-gallery-type-default e-con e-child\" data-eae-slider=\"93069\" data-id=\"a886712\" data-element_type=\"container\" data-e-type=\"container\">\n\t\t\t\t<div class=\"elementor-element elementor-element-a42a86d elementor-widget elementor-widget-text-editor\" data-id=\"a42a86d\" data-element_type=\"widget\" data-e-type=\"widget\" data-widget_type=\"text-editor.default\">\n\t\t\t\t<div class=\"elementor-widget-container\">\n\t\t\t\t\t\t\t\t\t<p><a href=\"https:\/\/www.instagram.com\/cie.demestri.lefeuvre\" target=\"_blank\" rel=\"noopener noreferrer nofollow\">instagram<\/a><br><a href=\"https:\/\/www.facebook.com\/demestrilefeuvre\" target=\"_blank\" rel=\"noopener noreferrer nofollow\">facebook<\/a><br><a href=\"https:\/\/vimeo.com\/user21852415\" target=\"_blank\" rel=\"noopener noreferrer nofollow\">vimeo<\/a><\/p><p> <\/p><p id=\"titreportail\">+ <a href=\"https:\/\/www.culture.be\/\" target=\"_blank\" rel=\"noopener noreferrer nofollow\">official portal for culture in the Wallonia-Brussels federation<\/a><\/p><p>+ <a href=\"http:\/\/www.creationartistique.cfwb.be\/\" target=\"_blank\" rel=\"noopener noreferrer nofollow\">general service for artistic creation in FWB<\/a><\/p>\t\t\t\t\t\t\t\t<\/div>\n\t\t\t\t<\/div>\n\t\t\t\t<\/div>\n\t\t\t\t<\/div>\n\t\t\t\t<\/div>\n\t\t","protected":false},"excerpt":{"rendered":"<p>artistic directionflorencia demestri + samuel lefeuvre administration – productioncamille collard production – distributioncharlotte grace wacker technical directionfran\u00e7ois bodeux Charleroi danse, Choreographic Center of F\u00e9d\u00e9ration Wallonie Bruxelles, is committed to producing, presenting and accompanying the works of Florencia Demestri + Samuel Lefeuvre for three years, from 2023 to 2026. In the 2024\/25 season, the company is [&hellip;]<\/p>\n","protected":false},"author":1,"featured_media":0,"parent":0,"menu_order":0,"comment_status":"closed","ping_status":"closed","template":"","meta":{"_acf_changed":false,"footnotes":""},"class_list":["post-1726","page","type-page","status-publish","hentry"],"acf":[],"yoast_head":"<title>Contact - demestri+lefeuvre<\/title>\n<meta name=\"robots\" content=\"index, follow, max-snippet:-1, max-image-preview:large, max-video-preview:-1\" \/>\n<link rel=\"canonical\" href=\"https:\/\/demestrilefeuvre.com\/en\/contact\/\" \/>\n<meta property=\"og:locale\" content=\"en_US\" \/>\n<meta property=\"og:type\" content=\"article\" \/>\n<meta property=\"og:title\" content=\"Contact - demestri+lefeuvre\" \/>\n<meta property=\"og:description\" content=\"artistic directionflorencia demestri + samuel lefeuvre administration – productioncamille collard production – distributioncharlotte grace wacker technical directionfran\u00e7ois bodeux Charleroi danse, Choreographic Center of F\u00e9d\u00e9ration Wallonie Bruxelles, is committed to producing, presenting and accompanying the works of Florencia Demestri + Samuel Lefeuvre for three years, from 2023 to 2026. In the 2024\/25 season, the company is [&hellip;]\" \/>\n<meta property=\"og:url\" content=\"https:\/\/demestrilefeuvre.com\/en\/contact\/\" \/>\n<meta property=\"og:site_name\" content=\"demestri+lefeuvre\" \/>\n<meta property=\"article:modified_time\" content=\"2026-04-25T16:27:51+00:00\" \/>\n<meta name=\"twitter:card\" content=\"summary_large_image\" \/>\n<meta name=\"twitter:label1\" content=\"Est. reading time\" \/>\n\t<meta name=\"twitter:data1\" content=\"1 minute\" \/>\n<script type=\"application\/ld+json\" class=\"yoast-schema-graph\">{\"@context\":\"https:\\\/\\\/schema.org\",\"@graph\":[{\"@type\":\"WebPage\",\"@id\":\"https:\\\/\\\/demestrilefeuvre.com\\\/en\\\/contact\\\/\",\"url\":\"https:\\\/\\\/demestrilefeuvre.com\\\/en\\\/contact\\\/\",\"name\":\"Contact - demestri+lefeuvre\",\"isPartOf\":{\"@id\":\"https:\\\/\\\/demestrilefeuvre.com\\\/en\\\/#website\"},\"primaryImageOfPage\":{\"@id\":\"https:\\\/\\\/demestrilefeuvre.com\\\/en\\\/contact\\\/#primaryimage\"},\"image\":{\"@id\":\"https:\\\/\\\/demestrilefeuvre.com\\\/en\\\/contact\\\/#primaryimage\"},\"thumbnailUrl\":\"https:\\\/\\\/demestrilefeuvre.com\\\/wp-content\\\/uploads\\\/2024\\\/09\\\/logo_wbi_noir_vectoriel.svg\",\"datePublished\":\"2024-07-06T08:23:04+00:00\",\"dateModified\":\"2026-04-25T16:27:51+00:00\",\"breadcrumb\":{\"@id\":\"https:\\\/\\\/demestrilefeuvre.com\\\/en\\\/contact\\\/#breadcrumb\"},\"inLanguage\":\"en-US\",\"potentialAction\":[{\"@type\":\"ReadAction\",\"target\":[\"https:\\\/\\\/demestrilefeuvre.com\\\/en\\\/contact\\\/\"]}]},{\"@type\":\"ImageObject\",\"inLanguage\":\"en-US\",\"@id\":\"https:\\\/\\\/demestrilefeuvre.com\\\/en\\\/contact\\\/#primaryimage\",\"url\":\"https:\\\/\\\/demestrilefeuvre.com\\\/wp-content\\\/uploads\\\/2024\\\/09\\\/logo_wbi_noir_vectoriel.svg\",\"contentUrl\":\"https:\\\/\\\/demestrilefeuvre.com\\\/wp-content\\\/uploads\\\/2024\\\/09\\\/logo_wbi_noir_vectoriel.svg\"},{\"@type\":\"BreadcrumbList\",\"@id\":\"https:\\\/\\\/demestrilefeuvre.com\\\/en\\\/contact\\\/#breadcrumb\",\"itemListElement\":[{\"@type\":\"ListItem\",\"position\":1,\"name\":\"Accueil\",\"item\":\"https:\\\/\\\/demestrilefeuvre.com\\\/en\\\/\"},{\"@type\":\"ListItem\",\"position\":2,\"name\":\"Contact\"}]},{\"@type\":\"WebSite\",\"@id\":\"https:\\\/\\\/demestrilefeuvre.com\\\/en\\\/#website\",\"url\":\"https:\\\/\\\/demestrilefeuvre.com\\\/en\\\/\",\"name\":\"demestri+lefeuvre\",\"description\":\"\",\"potentialAction\":[{\"@type\":\"SearchAction\",\"target\":{\"@type\":\"EntryPoint\",\"urlTemplate\":\"https:\\\/\\\/demestrilefeuvre.com\\\/en\\\/?s={search_term_string}\"},\"query-input\":{\"@type\":\"PropertyValueSpecification\",\"valueRequired\":true,\"valueName\":\"search_term_string\"}}],\"inLanguage\":\"en-US\"}]}<\/script>","yoast_head_json":{"title":"Contact - demestri+lefeuvre","robots":{"index":"index","follow":"follow","max-snippet":"max-snippet:-1","max-image-preview":"max-image-preview:large","max-video-preview":"max-video-preview:-1"},"canonical":"https:\/\/demestrilefeuvre.com\/en\/contact\/","og_locale":"en_US","og_type":"article","og_title":"Contact - demestri+lefeuvre","og_description":"artistic directionflorencia demestri + samuel lefeuvre administration – productioncamille collard production – distributioncharlotte grace wacker technical directionfran\u00e7ois bodeux Charleroi danse, Choreographic Center of F\u00e9d\u00e9ration Wallonie Bruxelles, is committed to producing, presenting and accompanying the works of Florencia Demestri + Samuel Lefeuvre for three years, from 2023 to 2026. In the 2024\/25 season, the company is [&hellip;]","og_url":"https:\/\/demestrilefeuvre.com\/en\/contact\/","og_site_name":"demestri+lefeuvre","article_modified_time":"2026-04-25T16:27:51+00:00","twitter_card":"summary_large_image","twitter_misc":{"Est. reading time":"1 minute"},"schema":{"@context":"https:\/\/schema.org","@graph":[{"@type":"WebPage","@id":"https:\/\/demestrilefeuvre.com\/en\/contact\/","url":"https:\/\/demestrilefeuvre.com\/en\/contact\/","name":"Contact - demestri+lefeuvre","isPartOf":{"@id":"https:\/\/demestrilefeuvre.com\/en\/#website"},"primaryImageOfPage":{"@id":"https:\/\/demestrilefeuvre.com\/en\/contact\/#primaryimage"},"image":{"@id":"https:\/\/demestrilefeuvre.com\/en\/contact\/#primaryimage"},"thumbnailUrl":"https:\/\/demestrilefeuvre.com\/wp-content\/uploads\/2024\/09\/logo_wbi_noir_vectoriel.svg","datePublished":"2024-07-06T08:23:04+00:00","dateModified":"2026-04-25T16:27:51+00:00","breadcrumb":{"@id":"https:\/\/demestrilefeuvre.com\/en\/contact\/#breadcrumb"},"inLanguage":"en-US","potentialAction":[{"@type":"ReadAction","target":["https:\/\/demestrilefeuvre.com\/en\/contact\/"]}]},{"@type":"ImageObject","inLanguage":"en-US","@id":"https:\/\/demestrilefeuvre.com\/en\/contact\/#primaryimage","url":"https:\/\/demestrilefeuvre.com\/wp-content\/uploads\/2024\/09\/logo_wbi_noir_vectoriel.svg","contentUrl":"https:\/\/demestrilefeuvre.com\/wp-content\/uploads\/2024\/09\/logo_wbi_noir_vectoriel.svg"},{"@type":"BreadcrumbList","@id":"https:\/\/demestrilefeuvre.com\/en\/contact\/#breadcrumb","itemListElement":[{"@type":"ListItem","position":1,"name":"Accueil","item":"https:\/\/demestrilefeuvre.com\/en\/"},{"@type":"ListItem","position":2,"name":"Contact"}]},{"@type":"WebSite","@id":"https:\/\/demestrilefeuvre.com\/en\/#website","url":"https:\/\/demestrilefeuvre.com\/en\/","name":"demestri+lefeuvre","description":"","potentialAction":[{"@type":"SearchAction","target":{"@type":"EntryPoint","urlTemplate":"https:\/\/demestrilefeuvre.com\/en\/?s={search_term_string}"},"query-input":{"@type":"PropertyValueSpecification","valueRequired":true,"valueName":"search_term_string"}}],"inLanguage":"en-US"}]}},"_links":{"self":[{"href":"https:\/\/demestrilefeuvre.com\/en\/wp-json\/wp\/v2\/pages\/1726","targetHints":{"allow":["GET"]}}],"collection":[{"href":"https:\/\/demestrilefeuvre.com\/en\/wp-json\/wp\/v2\/pages"}],"about":[{"href":"https:\/\/demestrilefeuvre.com\/en\/wp-json\/wp\/v2\/types\/page"}],"author":[{"embeddable":true,"href":"https:\/\/demestrilefeuvre.com\/en\/wp-json\/wp\/v2\/users\/1"}],"replies":[{"embeddable":true,"href":"https:\/\/demestrilefeuvre.com\/en\/wp-json\/wp\/v2\/comments?post=1726"}],"version-history":[{"count":2,"href":"https:\/\/demestrilefeuvre.com\/en\/wp-json\/wp\/v2\/pages\/1726\/revisions"}],"predecessor-version":[{"id":2884,"href":"https:\/\/demestrilefeuvre.com\/en\/wp-json\/wp\/v2\/pages\/1726\/revisions\/2884"}],"wp:attachment":[{"href":"https:\/\/demestrilefeuvre.com\/en\/wp-json\/wp\/v2\/media?parent=1726"}],"curies":[{"name":"wp","href":"https:\/\/api.w.org\/{rel}","templated":true}]}}